{"id":5373,"date":"2024-06-26T11:46:24","date_gmt":"2024-06-26T09:46:24","guid":{"rendered":"https:\/\/froid2e.com\/?page_id=5373"},"modified":"2024-06-26T11:50:03","modified_gmt":"2024-06-26T09:50:03","slug":"mentions-legales","status":"publish","type":"page","link":"https:\/\/froid2e.com\/index.php\/mentions-legales\/","title":{"rendered":"Mentions l\u00e9gales"},"content":{"rendered":"\t\t<div data-elementor-type=\"wp-page\" data-elementor-id=\"5373\" class=\"elementor elementor-5373\">\n\t\t\t\t<div class=\"elementor-element elementor-element-e34aa93 e-flex e-con-boxed e-con e-parent\" data-id=\"e34aa93\" data-element_type=\"container\">\n\t\t\t\t\t<div class=\"e-con-inner\">\n\t\t\t\t<div class=\"elementor-element elementor-element-7ccea5c elementor-widget elementor-widget-text-editor\" data-id=\"7ccea5c\" data-element_type=\"widget\" data-widget_type=\"text-editor.default\">\n\t\t\t\t<div class=\"elementor-widget-container\">\n\t\t\t<style>\/*! elementor - v3.21.0 - 30-04-2024 *\/\n.elementor-widget-text-editor.elementor-drop-cap-view-stacked .elementor-drop-cap{background-color:#69727d;color:#fff}.elementor-widget-text-editor.elementor-drop-cap-view-framed .elementor-drop-cap{color:#69727d;border:3px solid;background-color:transparent}.elementor-widget-text-editor:not(.elementor-drop-cap-view-default) .elementor-drop-cap{margin-top:8px}.elementor-widget-text-editor:not(.elementor-drop-cap-view-default) .elementor-drop-cap-letter{width:1em;height:1em}.elementor-widget-text-editor .elementor-drop-cap{float:left;text-align:center;line-height:1;font-size:50px}.elementor-widget-text-editor .elementor-drop-cap-letter{display:inline-block}<\/style>\t\t\t\t<p align=\"CENTER\"><strong>IDENTIFICATION DU SITE<\/strong><\/p><p align=\"CENTER\">Les informations suivantes sont fournies<\/p><p align=\"CENTER\">en vertu de l\u2019Article 6 de LOI n\u00b0 2004-575 du 21 juin 2004<\/p><p align=\"CENTER\">pour la Confiance dans l\u2019Economie Num\u00e9rique<\/p><p align=\"CENTER\">Le site Internet https:\/\/froid2e.com\/\u00a0est \u00e9dit\u00e9 par :<\/p><p align=\"CENTER\"><strong>Froid \u00c9nergie \u00c9volution<\/strong><\/p><p align=\"CENTER\">ci-apr\u00e8s d\u00e9nomm\u00e9 \u201cEditeur du Site\u201d<br \/>Propri\u00e9taire et exploitant du site : Froid \u00c9nergie \u00c9volution<\/p><p align=\"CENTER\">Le site Internet https:\/\/froid2e.com\/\u00a0est h\u00e9berg\u00e9 par :<br \/>Hebergement\u00a0:<\/p><p align=\"CENTER\"><strong>OVH<\/strong><br \/>2 rue Kellermann \u2013 59100 ROUBAIX<br \/>SAS au capital de 10\u00a0059\u00a0500\u00a0\u20ac<br \/>RCS Lille M\u00e9tropole 424 761 419 00045<br \/>Code APE 6202A<br \/>N\u00b0 TVA : FR 22 424 761 419<br \/>ci-apr\u00e8s d\u00e9nomm\u00e9 \u201cH\u00e9bergeur\u201d<\/p><p align=\"CENTER\"><strong>ACCEPTATION DES CONDITIONS INHERENTES \u00c0 L\u2019UTILISATION<\/strong><\/p><p align=\"CENTER\">L\u2019Editeur du Site d\u00e9tient et exploite ce site. Son utilisation implique que vous acceptez l\u2019ensemble des termes, conditions et notifications contenus et cit\u00e9s dans ce document (les \u00abconditions d\u2019utilisation\u00bb). Ces conditions g\u00e9n\u00e9rales d\u2019utilisation ne s\u2019applique qu\u2019au site et aux services de ce Site, et \u00e0 aucun site tiers.<br \/>Si vous n\u2019acceptez pas ces conditions d\u2019utilisation, veuillez ne pas utiliser ce site. Nous nous r\u00e9servons le droit, \u00e0 notre discr\u00e9tion, de mettre \u00e0 jour ou de modifier les conditions d\u2019utilisation. Par cons\u00e9quent, veuillez v\u00e9rifier r\u00e9guli\u00e8rement ces derni\u00e8res afin de savoir si elles ont \u00e9t\u00e9 modifi\u00e9es. Nous consid\u00e9rons que vous acceptez une modification des conditions d\u2019utilisation si vous continuez \u00e0 utiliser le site apr\u00e8s publication de cette modification.<\/p><p align=\"CENTER\"><strong>GESTION DES DONN\u00c9ES PERSONNELLES.<\/strong><\/p><p align=\"CENTER\">En France, les donn\u00e9es personnelles sont notamment prot\u00e9g\u00e9es par la loi n\u00b0 78-87 du 6 janvier 1978, la loi n\u00b0 2004-801 du 6 ao\u00fbt 2004, l\u2019article L. 226-13 du Code p\u00e9nal et la Directive Europ\u00e9enne du 24 octobre 1995.<br \/>A l\u2019occasion de l\u2019utilisation du site https:\/\/froid2e.com\/peuvent \u00eatres recueillies : l\u2019URL des liens par l\u2019interm\u00e9diaire desquels l\u2019utilisateur a acc\u00e9d\u00e9 au site https:\/\/froid2e.com\/\u00a0le fournisseur d\u2019acc\u00e8s de l\u2019utilisateur,\u00a0 l\u2019adresse de protocole Internet (IP) de l\u2019utilisateur.<br \/>En tout \u00e9tat de cause Le Groupe Glabs ne collecte des informations personnelles relatives \u00e0 l\u2019utilisateur que pour le besoin de certains services propos\u00e9s par le site https:\/\/froid2e.com\/\u00a0<\/p><p align=\"CENTER\">L\u2019utilisateur fournit ces informations en toute connaissance de cause, notamment lorsqu\u2019il proc\u00e8de par lui-m\u00eame \u00e0 leur saisie. Il est alors pr\u00e9cis\u00e9 \u00e0 l\u2019utilisateur du site https:\/\/froid2e.com\/\u00a0l\u2019obligation ou non de fournir ces informations.<br \/>Conform\u00e9ment aux dispositions des articles 38 et suivants de la loi 78-17 du 6 janvier 1978 relative \u00e0 l\u2019informatique, aux fichiers et aux libert\u00e9s, tout utilisateur dispose d\u2019un droit d\u2019acc\u00e8s, de rectification et d\u2019opposition aux donn\u00e9es personnelles le concernant, en effectuant sa demande \u00e9crite et sign\u00e9e, accompagn\u00e9e d\u2019une copie du titre d\u2019identit\u00e9 avec signature du titulaire de la pi\u00e8ce, en pr\u00e9cisant l\u2019adresse \u00e0 laquelle la r\u00e9ponse doit \u00eatre envoy\u00e9e.<br \/>Aucune information personnelle de l\u2019utilisateur du site https:\/\/froid2e.com\/ n\u2019est publi\u00e9e \u00e0 l\u2019insu de l\u2019utilisateur, \u00e9chang\u00e9e, transf\u00e9r\u00e9e, c\u00e9d\u00e9e ou vendue sur un support quelconque \u00e0 des tiers. Seule l\u2019hypoth\u00e8se du rachat de la soci\u00e9t\u00e9 et de ses droits permettrait la transmission des dites informations \u00e0 l\u2019\u00e9ventuel acqu\u00e9reur qui serait \u00e0 son tour tenu de la m\u00eame obligation de conservation et de modification des donn\u00e9es vis \u00e0 vis de l\u2019utilisateur du sitehttps:\/\/froid2e.com\/<br \/>Le site n\u2019est pas d\u00e9clar\u00e9 \u00e0 la CNIL car il ne recueille pas d\u2019informations personnelles. .<br \/>Les bases de donn\u00e9es sont prot\u00e9g\u00e9es par les dispositions de la loi du 1er juillet 1998 transposant la directive 96\/9 du 11 mars 1996 relative \u00e0 la protection juridique des bases de donn\u00e9es.<\/p><p align=\"CENTER\"><strong>LIENS HYPERTEXTES ET COOKIES<\/strong><\/p><p align=\"CENTER\">Le site https:\/\/froid2e.com\/ contient un certain nombre de liens hypertextes vers d\u2019autres sites, mis en place avec l\u2019autorisation du Groupe Glabs cependant le Groupe Glabs n\u2019a pas la possibilit\u00e9 de v\u00e9rifier le contenu des sites ainsi visit\u00e9s, et n\u2019assumera en cons\u00e9quence aucune responsabilit\u00e9 de ce fait.<br \/>La navigation sur le site https:\/\/froid2e.com\/ est susceptible de provoquer l\u2019installation de cookie(s) sur l\u2019ordinateur de l\u2019utilisateur. Un cookie est un fichier de petite taille, qui ne permet pas l\u2019identification de l\u2019utilisateur, mais qui enregistre des informations relatives \u00e0 la navigation d\u2019un ordinateur sur un site. Les donn\u00e9es ainsi obtenues visent \u00e0 faciliter la navigation ult\u00e9rieure sur le site, et ont \u00e9galement vocation \u00e0 permettre diverses mesures de fr\u00e9quentation.<br \/>Le refus d\u2019installation d\u2019un cookie peut entra\u00eener l\u2019impossibilit\u00e9 d\u2019acc\u00e9der \u00e0 certains services. L\u2019utilisateur peut toutefois configurer son ordinateur pour refuser l\u2019installation des cookies.<\/p><p>\u00a0<\/p><p>\u00a0<\/p><p>\u00a0<\/p>\t\t\t\t\t\t<\/div>\n\t\t\t\t<\/div>\n\t\t\t\t<div class=\"elementor-element elementor-element-6ee652a elementor-widget-divider--view-line elementor-widget elementor-widget-divider\" data-id=\"6ee652a\" data-element_type=\"widget\" data-widget_type=\"divider.default\">\n\t\t\t\t<div class=\"elementor-widget-container\">\n\t\t\t<style>\/*! elementor - v3.21.0 - 30-04-2024 *\/\n.elementor-widget-divider{--divider-border-style:none;--divider-border-width:1px;--divider-color:#0c0d0e;--divider-icon-size:20px;--divider-element-spacing:10px;--divider-pattern-height:24px;--divider-pattern-size:20px;--divider-pattern-url:none;--divider-pattern-repeat:repeat-x}.elementor-widget-divider .elementor-divider{display:flex}.elementor-widget-divider .elementor-divider__text{font-size:15px;line-height:1;max-width:95%}.elementor-widget-divider .elementor-divider__element{margin:0 var(--divider-element-spacing);flex-shrink:0}.elementor-widget-divider .elementor-icon{font-size:var(--divider-icon-size)}.elementor-widget-divider .elementor-divider-separator{display:flex;margin:0;direction:ltr}.elementor-widget-divider--view-line_icon .elementor-divider-separator,.elementor-widget-divider--view-line_text .elementor-divider-separator{align-items:center}.elementor-widget-divider--view-line_icon .elementor-divider-separator:after,.elementor-widget-divider--view-line_icon .elementor-divider-separator:before,.elementor-widget-divider--view-line_text .elementor-divider-separator:after,.elementor-widget-divider--view-line_text .elementor-divider-separator:before{display:block;content:\"\";border-block-end:0;flex-grow:1;border-block-start:var(--divider-border-width) var(--divider-border-style) var(--divider-color)}.elementor-widget-divider--element-align-left .elementor-divider .elementor-divider-separator>.elementor-divider__svg:first-of-type{flex-grow:0;flex-shrink:100}.elementor-widget-divider--element-align-left .elementor-divider-separator:before{content:none}.elementor-widget-divider--element-align-left .elementor-divider__element{margin-left:0}.elementor-widget-divider--element-align-right .elementor-divider .elementor-divider-separator>.elementor-divider__svg:last-of-type{flex-grow:0;flex-shrink:100}.elementor-widget-divider--element-align-right .elementor-divider-separator:after{content:none}.elementor-widget-divider--element-align-right .elementor-divider__element{margin-right:0}.elementor-widget-divider--element-align-start .elementor-divider .elementor-divider-separator>.elementor-divider__svg:first-of-type{flex-grow:0;flex-shrink:100}.elementor-widget-divider--element-align-start .elementor-divider-separator:before{content:none}.elementor-widget-divider--element-align-start .elementor-divider__element{margin-inline-start:0}.elementor-widget-divider--element-align-end .elementor-divider .elementor-divider-separator>.elementor-divider__svg:last-of-type{flex-grow:0;flex-shrink:100}.elementor-widget-divider--element-align-end .elementor-divider-separator:after{content:none}.elementor-widget-divider--element-align-end .elementor-divider__element{margin-inline-end:0}.elementor-widget-divider:not(.elementor-widget-divider--view-line_text):not(.elementor-widget-divider--view-line_icon) .elementor-divider-separator{border-block-start:var(--divider-border-width) var(--divider-border-style) var(--divider-color)}.elementor-widget-divider--separator-type-pattern{--divider-border-style:none}.elementor-widget-divider--separator-type-pattern.elementor-widget-divider--view-line .elementor-divider-separator,.elementor-widget-divider--separator-type-pattern:not(.elementor-widget-divider--view-line) .elementor-divider-separator:after,.elementor-widget-divider--separator-type-pattern:not(.elementor-widget-divider--view-line) .elementor-divider-separator:before,.elementor-widget-divider--separator-type-pattern:not([class*=elementor-widget-divider--view]) .elementor-divider-separator{width:100%;min-height:var(--divider-pattern-height);-webkit-mask-size:var(--divider-pattern-size) 100%;mask-size:var(--divider-pattern-size) 100%;-webkit-mask-repeat:var(--divider-pattern-repeat);mask-repeat:var(--divider-pattern-repeat);background-color:var(--divider-color);-webkit-mask-image:var(--divider-pattern-url);mask-image:var(--divider-pattern-url)}.elementor-widget-divider--no-spacing{--divider-pattern-size:auto}.elementor-widget-divider--bg-round{--divider-pattern-repeat:round}.rtl .elementor-widget-divider .elementor-divider__text{direction:rtl}.e-con-inner>.elementor-widget-divider,.e-con>.elementor-widget-divider{width:var(--container-widget-width,100%);--flex-grow:var(--container-widget-flex-grow)}<\/style>\t\t<div class=\"elementor-divider\">\n\t\t\t<span class=\"elementor-divider-separator\">\n\t\t\t\t\t\t<\/span>\n\t\t<\/div>\n\t\t\t\t<\/div>\n\t\t\t\t<\/div>\n\t\t\t\t\t<\/div>\n\t\t\t\t<\/div>\n\t\t\t\t<\/div>\n\t\t","protected":false},"excerpt":{"rendered":"<p>IDENTIFICATION DU SITE Les informations suivantes sont fournies en vertu de l\u2019Article 6 de LOI n\u00b0 2004-575 du 21 juin 2004 pour la Confiance dans l\u2019Economie Num\u00e9rique Le site Internet https:\/\/froid2e.com\/\u00a0est \u00e9dit\u00e9 par : Froid \u00c9nergie \u00c9volution ci-apr\u00e8s d\u00e9nomm\u00e9 \u201cEditeur du Site\u201dPropri\u00e9taire et exploitant du site : Froid \u00c9nergie \u00c9volution Le site Internet https:\/\/froid2e.com\/\u00a0est h\u00e9berg\u00e9 [&hellip;]<\/p>\n","protected":false},"author":1,"featured_media":0,"parent":0,"menu_order":0,"comment_status":"closed","ping_status":"closed","template":"","meta":{"footnotes":""},"class_list":["post-5373","page","type-page","status-publish","hentry"],"yoast_head":"<!-- This site is optimized with the Yoast SEO plugin v22.9 - https:\/\/yoast.com\/wordpress\/plugins\/seo\/ -->\n<title>Mentions l\u00e9gales - Froid2e<\/title>\n<meta name=\"robots\" content=\"index, follow, max-snippet:-1, max-image-preview:large, max-video-preview:-1\" \/>\n<link rel=\"canonical\" href=\"https:\/\/froid2e.com\/index.php\/mentions-legales\/\" \/>\n<meta property=\"og:locale\" content=\"fr_FR\" \/>\n<meta property=\"og:type\" content=\"article\" \/>\n<meta property=\"og:title\" content=\"Mentions l\u00e9gales - Froid2e\" \/>\n<meta property=\"og:description\" content=\"IDENTIFICATION DU SITE Les informations suivantes sont fournies en vertu de l\u2019Article 6 de LOI n\u00b0 2004-575 du 21 juin 2004 pour la Confiance dans l\u2019Economie Num\u00e9rique Le site Internet https:\/\/froid2e.com\/\u00a0est \u00e9dit\u00e9 par : Froid \u00c9nergie \u00c9volution ci-apr\u00e8s d\u00e9nomm\u00e9 \u201cEditeur du Site\u201dPropri\u00e9taire et exploitant du site : Froid \u00c9nergie \u00c9volution Le site Internet https:\/\/froid2e.com\/\u00a0est h\u00e9berg\u00e9 [&hellip;]\" \/>\n<meta property=\"og:url\" content=\"https:\/\/froid2e.com\/index.php\/mentions-legales\/\" \/>\n<meta property=\"og:site_name\" content=\"Froid2e\" \/>\n<meta property=\"article:modified_time\" content=\"2024-06-26T09:50:03+00:00\" \/>\n<meta property=\"og:image\" content=\"https:\/\/froid2e.com\/wp-content\/uploads\/2024\/05\/FROID2E.jpg\" \/>\n\t<meta property=\"og:image:width\" content=\"2048\" \/>\n\t<meta property=\"og:image:height\" content=\"1448\" \/>\n\t<meta property=\"og:image:type\" content=\"image\/jpeg\" \/>\n<meta name=\"twitter:card\" content=\"summary_large_image\" \/>\n<meta name=\"twitter:label1\" content=\"Dur\u00e9e de lecture estim\u00e9e\" \/>\n\t<meta name=\"twitter:data1\" content=\"4 minutes\" \/>\n<script type=\"application\/ld+json\" class=\"yoast-schema-graph\">{\"@context\":\"https:\/\/schema.org\",\"@graph\":[{\"@type\":\"WebPage\",\"@id\":\"https:\/\/froid2e.com\/index.php\/mentions-legales\/\",\"url\":\"https:\/\/froid2e.com\/index.php\/mentions-legales\/\",\"name\":\"Mentions l\u00e9gales - Froid2e\",\"isPartOf\":{\"@id\":\"https:\/\/froid2e.com\/#website\"},\"datePublished\":\"2024-06-26T09:46:24+00:00\",\"dateModified\":\"2024-06-26T09:50:03+00:00\",\"breadcrumb\":{\"@id\":\"https:\/\/froid2e.com\/index.php\/mentions-legales\/#breadcrumb\"},\"inLanguage\":\"fr-FR\",\"potentialAction\":[{\"@type\":\"ReadAction\",\"target\":[\"https:\/\/froid2e.com\/index.php\/mentions-legales\/\"]}]},{\"@type\":\"BreadcrumbList\",\"@id\":\"https:\/\/froid2e.com\/index.php\/mentions-legales\/#breadcrumb\",\"itemListElement\":[{\"@type\":\"ListItem\",\"position\":1,\"name\":\"Accueil\",\"item\":\"https:\/\/froid2e.com\/\"},{\"@type\":\"ListItem\",\"position\":2,\"name\":\"Mentions l\u00e9gales\"}]},{\"@type\":\"WebSite\",\"@id\":\"https:\/\/froid2e.com\/#website\",\"url\":\"https:\/\/froid2e.com\/\",\"name\":\"Froid2e\",\"description\":\"Sp\u00e9cialiste en froid industriel et commercial\",\"publisher\":{\"@id\":\"https:\/\/froid2e.com\/#organization\"},\"potentialAction\":[{\"@type\":\"SearchAction\",\"target\":{\"@type\":\"EntryPoint\",\"urlTemplate\":\"https:\/\/froid2e.com\/?s={search_term_string}\"},\"query-input\":\"required name=search_term_string\"}],\"inLanguage\":\"fr-FR\"},{\"@type\":\"Organization\",\"@id\":\"https:\/\/froid2e.com\/#organization\",\"name\":\"Froid2e\",\"url\":\"https:\/\/froid2e.com\/\",\"logo\":{\"@type\":\"ImageObject\",\"inLanguage\":\"fr-FR\",\"@id\":\"https:\/\/froid2e.com\/#\/schema\/logo\/image\/\",\"url\":\"https:\/\/froid2e.com\/wp-content\/uploads\/2024\/05\/FROID2E-1.jpg\",\"contentUrl\":\"https:\/\/froid2e.com\/wp-content\/uploads\/2024\/05\/FROID2E-1.jpg\",\"width\":2048,\"height\":1448,\"caption\":\"Froid2e\"},\"image\":{\"@id\":\"https:\/\/froid2e.com\/#\/schema\/logo\/image\/\"}}]}<\/script>\n<!-- \/ Yoast SEO plugin. -->","yoast_head_json":{"title":"Mentions l\u00e9gales - Froid2e","robots":{"index":"index","follow":"follow","max-snippet":"max-snippet:-1","max-image-preview":"max-image-preview:large","max-video-preview":"max-video-preview:-1"},"canonical":"https:\/\/froid2e.com\/index.php\/mentions-legales\/","og_locale":"fr_FR","og_type":"article","og_title":"Mentions l\u00e9gales - Froid2e","og_description":"IDENTIFICATION DU SITE Les informations suivantes sont fournies en vertu de l\u2019Article 6 de LOI n\u00b0 2004-575 du 21 juin 2004 pour la Confiance dans l\u2019Economie Num\u00e9rique Le site Internet https:\/\/froid2e.com\/\u00a0est \u00e9dit\u00e9 par : Froid \u00c9nergie \u00c9volution ci-apr\u00e8s d\u00e9nomm\u00e9 \u201cEditeur du Site\u201dPropri\u00e9taire et exploitant du site : Froid \u00c9nergie \u00c9volution Le site Internet https:\/\/froid2e.com\/\u00a0est h\u00e9berg\u00e9 [&hellip;]","og_url":"https:\/\/froid2e.com\/index.php\/mentions-legales\/","og_site_name":"Froid2e","article_modified_time":"2024-06-26T09:50:03+00:00","og_image":[{"width":2048,"height":1448,"url":"https:\/\/froid2e.com\/wp-content\/uploads\/2024\/05\/FROID2E.jpg","type":"image\/jpeg"}],"twitter_card":"summary_large_image","twitter_misc":{"Dur\u00e9e de lecture estim\u00e9e":"4 minutes"},"schema":{"@context":"https:\/\/schema.org","@graph":[{"@type":"WebPage","@id":"https:\/\/froid2e.com\/index.php\/mentions-legales\/","url":"https:\/\/froid2e.com\/index.php\/mentions-legales\/","name":"Mentions l\u00e9gales - Froid2e","isPartOf":{"@id":"https:\/\/froid2e.com\/#website"},"datePublished":"2024-06-26T09:46:24+00:00","dateModified":"2024-06-26T09:50:03+00:00","breadcrumb":{"@id":"https:\/\/froid2e.com\/index.php\/mentions-legales\/#breadcrumb"},"inLanguage":"fr-FR","potentialAction":[{"@type":"ReadAction","target":["https:\/\/froid2e.com\/index.php\/mentions-legales\/"]}]},{"@type":"BreadcrumbList","@id":"https:\/\/froid2e.com\/index.php\/mentions-legales\/#breadcrumb","itemListElement":[{"@type":"ListItem","position":1,"name":"Accueil","item":"https:\/\/froid2e.com\/"},{"@type":"ListItem","position":2,"name":"Mentions l\u00e9gales"}]},{"@type":"WebSite","@id":"https:\/\/froid2e.com\/#website","url":"https:\/\/froid2e.com\/","name":"Froid2e","description":"Sp\u00e9cialiste en froid industriel et commercial","publisher":{"@id":"https:\/\/froid2e.com\/#organization"},"potentialAction":[{"@type":"SearchAction","target":{"@type":"EntryPoint","urlTemplate":"https:\/\/froid2e.com\/?s={search_term_string}"},"query-input":"required name=search_term_string"}],"inLanguage":"fr-FR"},{"@type":"Organization","@id":"https:\/\/froid2e.com\/#organization","name":"Froid2e","url":"https:\/\/froid2e.com\/","logo":{"@type":"ImageObject","inLanguage":"fr-FR","@id":"https:\/\/froid2e.com\/#\/schema\/logo\/image\/","url":"https:\/\/froid2e.com\/wp-content\/uploads\/2024\/05\/FROID2E-1.jpg","contentUrl":"https:\/\/froid2e.com\/wp-content\/uploads\/2024\/05\/FROID2E-1.jpg","width":2048,"height":1448,"caption":"Froid2e"},"image":{"@id":"https:\/\/froid2e.com\/#\/schema\/logo\/image\/"}}]}},"_links":{"self":[{"href":"https:\/\/froid2e.com\/index.php\/wp-json\/wp\/v2\/pages\/5373","targetHints":{"allow":["GET"]}}],"collection":[{"href":"https:\/\/froid2e.com\/index.php\/wp-json\/wp\/v2\/pages"}],"about":[{"href":"https:\/\/froid2e.com\/index.php\/wp-json\/wp\/v2\/types\/page"}],"author":[{"embeddable":true,"href":"https:\/\/froid2e.com\/index.php\/wp-json\/wp\/v2\/users\/1"}],"replies":[{"embeddable":true,"href":"https:\/\/froid2e.com\/index.php\/wp-json\/wp\/v2\/comments?post=5373"}],"version-history":[{"count":4,"href":"https:\/\/froid2e.com\/index.php\/wp-json\/wp\/v2\/pages\/5373\/revisions"}],"predecessor-version":[{"id":5377,"href":"https:\/\/froid2e.com\/index.php\/wp-json\/wp\/v2\/pages\/5373\/revisions\/5377"}],"wp:attachment":[{"href":"https:\/\/froid2e.com\/index.php\/wp-json\/wp\/v2\/media?parent=5373"}],"curies":[{"name":"wp","href":"https:\/\/api.w.org\/{rel}","templated":true}]}}